{"id":59,"date":"2014-01-22T00:00:01","date_gmt":"2014-01-21T23:00:01","guid":{"rendered":"https:\/\/powiatjanowski.pl\/egeodezja\/?page_id=59"},"modified":"2021-10-15T15:09:23","modified_gmt":"2021-10-15T13:09:23","slug":"kontakt","status":"publish","type":"page","link":"https:\/\/powiatjanowski.pl\/egeodezja\/?page_id=59","title":{"rendered":"Kontakt"},"content":{"rendered":"<p><strong>Starostwo Powiatowe w Janowie Lubelskim<\/strong><\/p>\n<p>ul. Jana Zamoyskiego 59<\/p>\n<p>23-300 Jan\u00f3w Lubelski<\/p>\n<p>tel. 15 8725 450<\/p>\n<p><strong>Wydzia\u0142 Geodezji, Kartografii i Katastru<\/strong><\/p>\n<p>ul. Wiejska 3<\/p>\n<p>23-300 Jan\u00f3w Lubelski<\/p>\n<p>tel. 15 8725 490<\/p>\n<p>e-mail: starostwo@powiatjanowski.pl, gis@powiatjanowski.pl<\/p>\n<p><strong>Zarz\u0105d Dr\u00f3g Powiatowych w Janowie Lubelskim<\/strong><\/p>\n<p>ul. Bohater\u00f3w Porytowego Wzg\u00f3rza 29<\/p>\n<p>23-300 Jan\u00f3w Lubelski<\/p>\n<p>tel. 15 8720 266<\/p>\n<p>e-mail: zdp@powiatjanowski.pl<\/p>\n","protected":false},"excerpt":{"rendered":"<p>Starostwo Powiatowe w Janowie Lubelskim ul. Jana Zamoyskiego 59 23-300 Jan\u00f3w Lubelski tel. 15 8725 450 Wydzia\u0142 Geodezji, Kartografii i Katastru ul. Wiejska 3 23-300 Jan\u00f3w Lubelski tel. 15 8725 490 e-mail: starostwo@powiatjanowski.pl, gis@powiatjanowski.pl Zarz\u0105d Dr\u00f3g Powiatowych w Janowie Lubelskim ul. Bohater\u00f3w Porytowego Wzg\u00f3rza 29 23-300 Jan\u00f3w Lubelski tel. 15 8720 266 e-mail: zdp@powiatjanowski.pl<\/p>\n","protected":false},"author":3,"featured_media":0,"parent":0,"menu_order":0,"comment_status":"closed","ping_status":"closed","template":"","meta":{"footnotes":""},"class_list":["post-59","page","type-page","status-publish","hentry"],"_links":{"self":[{"href":"https:\/\/powiatjanowski.pl\/egeodezja\/index.php?rest_route=\/wp\/v2\/pages\/59","targetHints":{"allow":["GET"]}}],"collection":[{"href":"https:\/\/powiatjanowski.pl\/egeodezja\/index.php?rest_route=\/wp\/v2\/pages"}],"about":[{"href":"https:\/\/powiatjanowski.pl\/egeodezja\/index.php?rest_route=\/wp\/v2\/types\/page"}],"author":[{"embeddable":true,"href":"https:\/\/powiatjanowski.pl\/egeodezja\/index.php?rest_route=\/wp\/v2\/users\/3"}],"replies":[{"embeddable":true,"href":"https:\/\/powiatjanowski.pl\/egeodezja\/index.php?rest_route=%2Fwp%2Fv2%2Fcomments&post=59"}],"version-history":[{"count":1,"href":"https:\/\/powiatjanowski.pl\/egeodezja\/index.php?rest_route=\/wp\/v2\/pages\/59\/revisions"}],"predecessor-version":[{"id":60,"href":"https:\/\/powiatjanowski.pl\/egeodezja\/index.php?rest_route=\/wp\/v2\/pages\/59\/revisions\/60"}],"wp:attachment":[{"href":"https:\/\/powiatjanowski.pl\/egeodezja\/index.php?rest_route=%2Fwp%2Fv2%2Fmedia&parent=59"}],"curies":[{"name":"wp","href":"https:\/\/api.w.org\/{rel}","templated":true}]}}