{"id":87,"date":"2014-02-17T11:10:50","date_gmt":"2014-02-17T10:10:50","guid":{"rendered":"https:\/\/powiatjanowski.pl\/ksztzaw\/?page_id=87"},"modified":"2021-10-22T12:35:20","modified_gmt":"2021-10-22T10:35:20","slug":"projekt-pt-przeciwdzialanie-wykluczeniu-cyfrowemu-na-terenie-powiatu-janowskiego","status":"publish","type":"page","link":"https:\/\/powiatjanowski.pl\/ksztzaw\/?page_id=87","title":{"rendered":"Projekt pt. ,,Przeciwdzia\u0142anie wykluczeniu cyfrowemu na terenie Powiatu Janowskiego\u201d"},"content":{"rendered":"<p>Projekt realizowany przez Powiat Janowski w ramach Dzia\u0142ania 8.3 ,,Przeciwdzia\u0142anie wykluczeniu cyfrowemu &#8211; eInclusion\u201d, Osi Priorytetowej 8. Spo\u0142ecze\u0144stwo informacyjne &#8211; zwi\u0119kszanie innowacyjno\u015bci gospodarki, Programu Operacyjnego Innowacyjna Gospodarka 2007-2013.<\/p>\n<p>Celem projektu jest eliminacja zjawiska wykluczenia cyfrowego poprzez zapewnienie dost\u0119pu do szerokopasmowego Internetu osobom posiadaj\u0105cym trudn\u0105 sytuacj\u0119 ekonomiczn\u0105 lub niepe\u0142nosprawnych zamieszkuj\u0105cych teren Powiatu Janowskiego.<\/p>\n<p>Warto\u015b\u0107 projektu: 800 003,00 z\u0142<\/p>\n<p>Okres realizacji projektu: 04.02.2013 &#8211; 31.07.2015 r.<\/p>\n<p><a href=\"https:\/\/powiatjanowski.pl\/ksztzaw\/wp-content\/uploads\/2021\/10\/logo_ig_pj_ue.jpg\"><img loading=\"lazy\" decoding=\"async\" class=\"alignnone wp-image-159 size-full\" src=\"https:\/\/powiatjanowski.pl\/ksztzaw\/wp-content\/uploads\/2021\/10\/logo_ig_pj_ue.jpg\" alt=\"\" width=\"945\" height=\"112\" \/><\/a><\/p>\n<p style=\"text-align: center;\"><strong>Projekt wsp\u00f3\u0142finansowany ze \u015brodk\u00f3w Europejskiego Funduszu Rozwoju Regionalnego<\/strong><\/p>\n<p style=\"text-align: center;\"><strong>w ramach Programu Operacyjnego Innowacyjna Gospodarka<\/strong><\/p>\n<p style=\"text-align: center;\"><strong>,,Dotacje na innowacje\u201d ,,Inwestujemy w Wasz\u0105 przysz\u0142o\u015b\u0107\u201d<\/strong><\/p>\n","protected":false},"excerpt":{"rendered":"<p>Projekt realizowany przez Powiat Janowski w ramach Dzia\u0142ania 8.3 ,,Przeciwdzia\u0142anie wykluczeniu cyfrowemu &#8211; eInclusion\u201d, Osi Priorytetowej 8. Spo\u0142ecze\u0144stwo informacyjne &#8211; zwi\u0119kszanie innowacyjno\u015bci gospodarki, Programu Operacyjnego Innowacyjna Gospodarka 2007-2013. Celem projektu jest eliminacja zjawiska wykluczenia cyfrowego poprzez zapewnienie dost\u0119pu do szerokopasmowego Internetu osobom posiadaj\u0105cym trudn\u0105 sytuacj\u0119 ekonomiczn\u0105 lub niepe\u0142nosprawnych zamieszkuj\u0105cych teren Powiatu Janowskiego. Warto\u015b\u0107 projektu: 800 [&hellip;]<\/p>\n","protected":false},"author":2,"featured_media":0,"parent":0,"menu_order":0,"comment_status":"closed","ping_status":"closed","template":"","meta":{"footnotes":""},"class_list":["post-87","page","type-page","status-publish","hentry"],"_links":{"self":[{"href":"https:\/\/powiatjanowski.pl\/ksztzaw\/index.php?rest_route=\/wp\/v2\/pages\/87","targetHints":{"allow":["GET"]}}],"collection":[{"href":"https:\/\/powiatjanowski.pl\/ksztzaw\/index.php?rest_route=\/wp\/v2\/pages"}],"about":[{"href":"https:\/\/powiatjanowski.pl\/ksztzaw\/index.php?rest_route=\/wp\/v2\/types\/page"}],"author":[{"embeddable":true,"href":"https:\/\/powiatjanowski.pl\/ksztzaw\/index.php?rest_route=\/wp\/v2\/users\/2"}],"replies":[{"embeddable":true,"href":"https:\/\/powiatjanowski.pl\/ksztzaw\/index.php?rest_route=%2Fwp%2Fv2%2Fcomments&post=87"}],"version-history":[{"count":4,"href":"https:\/\/powiatjanowski.pl\/ksztzaw\/index.php?rest_route=\/wp\/v2\/pages\/87\/revisions"}],"predecessor-version":[{"id":175,"href":"https:\/\/powiatjanowski.pl\/ksztzaw\/index.php?rest_route=\/wp\/v2\/pages\/87\/revisions\/175"}],"wp:attachment":[{"href":"https:\/\/powiatjanowski.pl\/ksztzaw\/index.php?rest_route=%2Fwp%2Fv2%2Fmedia&parent=87"}],"curies":[{"name":"wp","href":"https:\/\/api.w.org\/{rel}","templated":true}]}}