{"id":377,"date":"2025-05-25T08:56:10","date_gmt":"2025-05-25T06:56:10","guid":{"rendered":"https:\/\/powiatjanowski.pl\/neutralnosc-klimatyczna\/?page_id=377"},"modified":"2025-05-30T09:29:09","modified_gmt":"2025-05-30T07:29:09","slug":"beneficjent","status":"publish","type":"page","link":"https:\/\/powiatjanowski.pl\/neutralnosc-klimatyczna\/o-projekcie\/beneficjent\/","title":{"rendered":"Beneficjent"},"content":{"rendered":"\t\t<div data-elementor-type=\"wp-page\" data-elementor-id=\"377\" class=\"elementor elementor-377\" data-elementor-post-type=\"page\">\n\t\t\t\t<div class=\"elementor-element elementor-element-5feae2ce e-flex e-con-boxed wpr-particle-no wpr-jarallax-no wpr-parallax-no wpr-sticky-section-no e-con e-parent\" data-id=\"5feae2ce\" data-element_type=\"container\" data-settings=\"{&quot;background_background&quot;:&quot;classic&quot;}\">\n\t\t\t\t\t<div class=\"e-con-inner\">\n\t\t\t\t<div class=\"elementor-element elementor-element-12de6ec elementor-widget elementor-widget-heading\" data-id=\"12de6ec\" data-element_type=\"widget\" data-widget_type=\"heading.default\">\n\t\t\t\t<div class=\"elementor-widget-container\">\n\t\t\t\t\t<h1 class=\"elementor-heading-title elementor-size-default\">Beneficjent<\/h1>\t\t\t\t<\/div>\n\t\t\t\t<\/div>\n\t\t\t\t\t<\/div>\n\t\t\t\t<\/div>\n\t\t<div class=\"elementor-element elementor-element-56266a2 e-flex e-con-boxed wpr-particle-no wpr-jarallax-no wpr-parallax-no wpr-sticky-section-no e-con e-parent\" data-id=\"56266a2\" data-element_type=\"container\" data-settings=\"{&quot;background_background&quot;:&quot;classic&quot;}\">\n\t\t\t\t\t<div class=\"e-con-inner\">\n\t\t\t\t<div class=\"elementor-element elementor-element-267c287 elementor-widget elementor-widget-heading\" data-id=\"267c287\" data-element_type=\"widget\" data-widget_type=\"heading.default\">\n\t\t\t\t<div class=\"elementor-widget-container\">\n\t\t\t\t\t<h2 class=\"elementor-heading-title elementor-size-default\">System doradztwa sprzyjaj\u0105cy osi\u0105gni\u0119ciu neutralno\u015bci klimatycznej w Powiecie Janowskim<\/h2>\t\t\t\t<\/div>\n\t\t\t\t<\/div>\n\t\t\t\t<div class=\"elementor-element elementor-element-0628c07 elementor-widget elementor-widget-text-editor\" data-id=\"0628c07\" data-element_type=\"widget\" data-widget_type=\"text-editor.default\">\n\t\t\t\t<div class=\"elementor-widget-container\">\n\t\t\t\t\t\t\t\t\t<p><strong>Beneficjent:\u00a0<\/strong>Powiat Janowski<\/p><p>Utworzony w Powiecie Janowskim system doradztwa opiera\u0107 si\u0119 b\u0119dzie na propagowaniu i edukacji w zakresie racjonalnego korzystania z zasob\u00f3w \u015brodowiskowych, ochrony i przeciwdzia\u0142ania skutkom wyst\u0119puj\u0105cych zmian klimatycznych i ekstremalnych zjawisk pogodowych, w tym doradztwie dotycz\u0105cym racjonalnego gospodarowania wod\u0105 i podnoszenia \u015bwiadomo\u015bci dotycz\u0105cej potrzeby ograniczenia odp\u0142ywu wody opadowej oraz jej magazynowania oraz wdro\u017cenia gospodarki obiegu zamkni\u0119tego (GOZ), a nawet w przygotowaniu dokument\u00f3w planistycznych dotycz\u0105cych neutralno\u015bci klimatycznej.<\/p>\t\t\t\t\t\t\t\t<\/div>\n\t\t\t\t<\/div>\n\t\t\t\t<div class=\"elementor-element elementor-element-6802fdb elementor-widget elementor-widget-image\" data-id=\"6802fdb\" data-element_type=\"widget\" data-widget_type=\"image.default\">\n\t\t\t\t<div class=\"elementor-widget-container\">\n\t\t\t\t\t\t\t\t\t\t\t\t\t\t\t<img fetchpriority=\"high\" decoding=\"async\" width=\"768\" height=\"82\" src=\"https:\/\/powiatjanowski.pl\/neutralnosc-klimatyczna\/wp-content\/uploads\/2025\/05\/FEL_logotyp_kolor_poziom-768x82.png\" class=\"attachment-medium_large size-medium_large wp-image-43\" alt=\"\" srcset=\"https:\/\/powiatjanowski.pl\/neutralnosc-klimatyczna\/wp-content\/uploads\/2025\/05\/FEL_logotyp_kolor_poziom-768x82.png 768w, https:\/\/powiatjanowski.pl\/neutralnosc-klimatyczna\/wp-content\/uploads\/2025\/05\/FEL_logotyp_kolor_poziom-300x32.png 300w, https:\/\/powiatjanowski.pl\/neutralnosc-klimatyczna\/wp-content\/uploads\/2025\/05\/FEL_logotyp_kolor_poziom-1024x109.png 1024w, https:\/\/powiatjanowski.pl\/neutralnosc-klimatyczna\/wp-content\/uploads\/2025\/05\/FEL_logotyp_kolor_poziom-1536x163.png 1536w, https:\/\/powiatjanowski.pl\/neutralnosc-klimatyczna\/wp-content\/uploads\/2025\/05\/FEL_logotyp_kolor_poziom-2048x218.png 2048w\" sizes=\"(max-width: 768px) 100vw, 768px\" \/>\t\t\t\t\t\t\t\t\t\t\t\t\t\t\t<\/div>\n\t\t\t\t<\/div>\n\t\t\t\t<div class=\"elementor-element elementor-element-1935401 elementor-widget elementor-widget-text-editor\" data-id=\"1935401\" data-element_type=\"widget\" data-widget_type=\"text-editor.default\">\n\t\t\t\t<div class=\"elementor-widget-container\">\n\t\t\t\t\t\t\t\t\t<p><em>Projekt wsp\u00f3\u0142finansowany przez Uni\u0119 Europejsk\u0105 w ramach Programu Fundusze Europejskie dla Lubelskiego 2021-2027, Dzia\u0142ania 3.2. Dostosowanie do zmian klimatu i zapobieganie powodziom i suszy (typ projektu 5), Priorytetu III Ochrona zasob\u00f3w \u015brodowiska i klimatu<\/em><\/p>\t\t\t\t\t\t\t\t<\/div>\n\t\t\t\t<\/div>\n\t\t\t\t\t<\/div>\n\t\t\t\t<\/div>\n\t\t\t\t<\/div>\n\t\t","protected":false},"excerpt":{"rendered":"<p>Beneficjent System doradztwa sprzyjaj\u0105cy osi\u0105gni\u0119ciu neutralno\u015bci klimatycznej w Powiecie Janowskim Beneficjent:\u00a0Powiat Janowski Utworzony w Powiecie Janowskim system doradztwa opiera\u0107 si\u0119 b\u0119dzie na propagowaniu i edukacji w zakresie racjonalnego korzystania z zasob\u00f3w \u015brodowiskowych, ochrony i przeciwdzia\u0142ania skutkom wyst\u0119puj\u0105cych zmian klimatycznych i ekstremalnych zjawisk pogodowych, w tym doradztwie dotycz\u0105cym racjonalnego gospodarowania wod\u0105 i podnoszenia \u015bwiadomo\u015bci dotycz\u0105cej potrzeby ograniczenia odp\u0142ywu wody opadowej oraz jej magazynowania oraz wdro\u017cenia gospodarki obiegu zamkni\u0119tego (GOZ), a nawet w przygotowaniu dokument\u00f3w planistycznych dotycz\u0105cych neutralno\u015bci klimatycznej. Projekt wsp\u00f3\u0142finansowany przez Uni\u0119 Europejsk\u0105 w ramach Programu Fundusze Europejskie dla Lubelskiego 2021-2027, Dzia\u0142ania 3.2. Dostosowanie do zmian klimatu i zapobieganie powodziom i suszy (typ projektu 5), Priorytetu III Ochrona zasob\u00f3w \u015brodowiska i klimatu<\/p>\n","protected":false},"author":1,"featured_media":0,"parent":22,"menu_order":0,"comment_status":"closed","ping_status":"closed","template":"","meta":{"ocean_post_layout":"full-screen","ocean_both_sidebars_style":"","ocean_both_sidebars_content_width":0,"ocean_both_sidebars_sidebars_width":0,"ocean_sidebar":"","ocean_second_sidebar":"","ocean_disable_margins":"enable","ocean_add_body_class":"","ocean_shortcode_before_top_bar":"","ocean_shortcode_after_top_bar":"","ocean_shortcode_before_header":"","ocean_shortcode_after_header":"","ocean_has_shortcode":"","ocean_shortcode_after_title":"","ocean_shortcode_before_footer_widgets":"","ocean_shortcode_after_footer_widgets":"","ocean_shortcode_before_footer_bottom":"","ocean_shortcode_after_footer_bottom":"","ocean_display_top_bar":"default","ocean_display_header":"default","ocean_header_style":"","ocean_center_header_left_menu":"","ocean_custom_header_template":"","ocean_custom_logo":0,"ocean_custom_retina_logo":0,"ocean_custom_logo_max_width":0,"ocean_custom_logo_tablet_max_width":0,"ocean_custom_logo_mobile_max_width":0,"ocean_custom_logo_max_height":0,"ocean_custom_logo_tablet_max_height":0,"ocean_custom_logo_mobile_max_height":0,"ocean_header_custom_menu":"","ocean_menu_typo_font_family":"","ocean_menu_typo_font_subset":"","ocean_menu_typo_font_size":0,"ocean_menu_typo_font_size_tablet":0,"ocean_menu_typo_font_size_mobile":0,"ocean_menu_typo_font_size_unit":"px","ocean_menu_typo_font_weight":"","ocean_menu_typo_font_weight_tablet":"","ocean_menu_typo_font_weight_mobile":"","ocean_menu_typo_transform":"","ocean_menu_typo_transform_tablet":"","ocean_menu_typo_transform_mobile":"","ocean_menu_typo_line_height":0,"ocean_menu_typo_line_height_tablet":0,"ocean_menu_typo_line_height_mobile":0,"ocean_menu_typo_line_height_unit":"","ocean_menu_typo_spacing":0,"ocean_menu_typo_spacing_tablet":0,"ocean_menu_typo_spacing_mobile":0,"ocean_menu_typo_spacing_unit":"","ocean_menu_link_color":"","ocean_menu_link_color_hover":"","ocean_menu_link_color_active":"","ocean_menu_link_background":"","ocean_menu_link_hover_background":"","ocean_menu_link_active_background":"","ocean_menu_social_links_bg":"","ocean_menu_social_hover_links_bg":"","ocean_menu_social_links_color":"","ocean_menu_social_hover_links_color":"","ocean_disable_title":"on","ocean_disable_heading":"default","ocean_post_title":"","ocean_post_subheading":"","ocean_post_title_style":"","ocean_post_title_background_color":"","ocean_post_title_background":0,"ocean_post_title_bg_image_position":"","ocean_post_title_bg_image_attachment":"","ocean_post_title_bg_image_repeat":"","ocean_post_title_bg_image_size":"","ocean_post_title_height":0,"ocean_post_title_bg_overlay":0.5,"ocean_post_title_bg_overlay_color":"","ocean_disable_breadcrumbs":"default","ocean_breadcrumbs_color":"","ocean_breadcrumbs_separator_color":"","ocean_breadcrumbs_links_color":"","ocean_breadcrumbs_links_hover_color":"","ocean_display_footer_widgets":"default","ocean_display_footer_bottom":"default","ocean_custom_footer_template":"","footnotes":""},"class_list":["post-377","page","type-page","status-publish","hentry","entry"],"_links":{"self":[{"href":"https:\/\/powiatjanowski.pl\/neutralnosc-klimatyczna\/wp-json\/wp\/v2\/pages\/377","targetHints":{"allow":["GET"]}}],"collection":[{"href":"https:\/\/powiatjanowski.pl\/neutralnosc-klimatyczna\/wp-json\/wp\/v2\/pages"}],"about":[{"href":"https:\/\/powiatjanowski.pl\/neutralnosc-klimatyczna\/wp-json\/wp\/v2\/types\/page"}],"author":[{"embeddable":true,"href":"https:\/\/powiatjanowski.pl\/neutralnosc-klimatyczna\/wp-json\/wp\/v2\/users\/1"}],"replies":[{"embeddable":true,"href":"https:\/\/powiatjanowski.pl\/neutralnosc-klimatyczna\/wp-json\/wp\/v2\/comments?post=377"}],"version-history":[{"count":13,"href":"https:\/\/powiatjanowski.pl\/neutralnosc-klimatyczna\/wp-json\/wp\/v2\/pages\/377\/revisions"}],"predecessor-version":[{"id":690,"href":"https:\/\/powiatjanowski.pl\/neutralnosc-klimatyczna\/wp-json\/wp\/v2\/pages\/377\/revisions\/690"}],"up":[{"embeddable":true,"href":"https:\/\/powiatjanowski.pl\/neutralnosc-klimatyczna\/wp-json\/wp\/v2\/pages\/22"}],"wp:attachment":[{"href":"https:\/\/powiatjanowski.pl\/neutralnosc-klimatyczna\/wp-json\/wp\/v2\/media?parent=377"}],"curies":[{"name":"wp","href":"https:\/\/api.w.org\/{rel}","templated":true}]}}