{"id":724,"date":"2025-06-02T13:47:29","date_gmt":"2025-06-02T11:47:29","guid":{"rendered":"https:\/\/powiatjanowski.pl\/neutralnosc-klimatyczna\/?page_id=724"},"modified":"2025-06-24T14:55:46","modified_gmt":"2025-06-24T12:55:46","slug":"szkolenia-i-warsztaty","status":"publish","type":"page","link":"https:\/\/powiatjanowski.pl\/neutralnosc-klimatyczna\/szkolenia-i-warsztaty\/","title":{"rendered":"Szkolenia i warsztaty"},"content":{"rendered":"\t\t<div data-elementor-type=\"wp-page\" data-elementor-id=\"724\" class=\"elementor elementor-724\" data-elementor-post-type=\"page\">\n\t\t\t\t<div class=\"elementor-element elementor-element-efe0337 e-flex e-con-boxed wpr-particle-no wpr-jarallax-no wpr-parallax-no wpr-sticky-section-no e-con e-parent\" data-id=\"efe0337\" data-element_type=\"container\" data-settings=\"{&quot;background_background&quot;:&quot;classic&quot;}\">\n\t\t\t\t\t<div class=\"e-con-inner\">\n\t\t\t\t<div class=\"elementor-element elementor-element-c9429b2 elementor-widget elementor-widget-heading\" data-id=\"c9429b2\" data-element_type=\"widget\" data-widget_type=\"heading.default\">\n\t\t\t\t<div class=\"elementor-widget-container\">\n\t\t\t\t\t<h1 class=\"elementor-heading-title elementor-size-default\">Szkolenia i warsztaty<\/h1>\t\t\t\t<\/div>\n\t\t\t\t<\/div>\n\t\t\t\t\t<\/div>\n\t\t\t\t<\/div>\n\t\t<div class=\"elementor-element elementor-element-94783c5 e-flex e-con-boxed wpr-particle-no wpr-jarallax-no wpr-parallax-no wpr-sticky-section-no e-con e-parent\" data-id=\"94783c5\" data-element_type=\"container\" data-settings=\"{&quot;background_background&quot;:&quot;classic&quot;}\">\n\t\t\t\t\t<div class=\"e-con-inner\">\n\t\t\t\t<div class=\"elementor-element elementor-element-31b7d8a elementor-grid-3 elementor-grid-tablet-2 elementor-grid-mobile-1 elementor-posts--thumbnail-top elementor-widget elementor-widget-posts\" data-id=\"31b7d8a\" data-element_type=\"widget\" data-settings=\"{&quot;pagination_type&quot;:&quot;prev_next&quot;,&quot;classic_columns&quot;:&quot;3&quot;,&quot;classic_columns_tablet&quot;:&quot;2&quot;,&quot;classic_columns_mobile&quot;:&quot;1&quot;,&quot;classic_row_gap&quot;:{&quot;unit&quot;:&quot;px&quot;,&quot;size&quot;:35,&quot;sizes&quot;:[]},&quot;classic_row_gap_tablet&quot;:{&quot;unit&quot;:&quot;px&quot;,&quot;size&quot;:&quot;&quot;,&quot;sizes&quot;:[]},&quot;classic_row_gap_mobile&quot;:{&quot;unit&quot;:&quot;px&quot;,&quot;size&quot;:&quot;&quot;,&quot;sizes&quot;:[]}}\" data-widget_type=\"posts.classic\">\n\t\t\t\t<div class=\"elementor-widget-container\">\n\t\t\t\t\t\t\t<div class=\"elementor-posts-container elementor-posts elementor-posts--skin-classic elementor-grid\">\n\t\t\t\t<article class=\"elementor-post elementor-grid-item post-781 post type-post status-publish format-standard has-post-thumbnail hentry category-szkolenia-i-warsztaty entry has-media\">\n\t\t\t\t<a class=\"elementor-post__thumbnail__link\" href=\"https:\/\/powiatjanowski.pl\/neutralnosc-klimatyczna\/konferencja-informacyjno-edukacyjna-dbajmy-o-klimat-zamosc\/\" tabindex=\"-1\" >\n\t\t\t<div class=\"elementor-post__thumbnail\"><img fetchpriority=\"high\" decoding=\"async\" width=\"768\" height=\"576\" src=\"https:\/\/powiatjanowski.pl\/neutralnosc-klimatyczna\/wp-content\/uploads\/2025\/06\/1-scaled-1-768x576.jpg\" class=\"attachment-medium_large size-medium_large wp-image-783\" alt=\"Wyg\u0142oszona prelekcja przez Danuta Sobich \u2013 przedstawiciel Departamentu Wdra\u017cania Europejskiego Funduszu Rozwoju Regionalnego w UMWL w trakcie zorganizowanej konferencji informacyjno-edukacyjnej pt.: \u201eDbajMY o klimat\u201d dotycz\u0105cej Finansowania inwestycji ekologicznych w ramach Programu Fundusze Europejskie dla Lubelskiego 2021-2027 w sali Consulatus w Ratuszu w Zamo\u015bciu w dniu 9 kwietnia 2025 r.\" srcset=\"https:\/\/powiatjanowski.pl\/neutralnosc-klimatyczna\/wp-content\/uploads\/2025\/06\/1-scaled-1-768x576.jpg 768w, https:\/\/powiatjanowski.pl\/neutralnosc-klimatyczna\/wp-content\/uploads\/2025\/06\/1-scaled-1-300x225.jpg 300w, https:\/\/powiatjanowski.pl\/neutralnosc-klimatyczna\/wp-content\/uploads\/2025\/06\/1-scaled-1-1024x768.jpg 1024w, https:\/\/powiatjanowski.pl\/neutralnosc-klimatyczna\/wp-content\/uploads\/2025\/06\/1-scaled-1-1536x1152.jpg 1536w, https:\/\/powiatjanowski.pl\/neutralnosc-klimatyczna\/wp-content\/uploads\/2025\/06\/1-scaled-1-2048x1536.jpg 2048w\" sizes=\"(max-width: 768px) 100vw, 768px\" \/><\/div>\n\t\t<\/a>\n\t\t\t\t<div class=\"elementor-post__text\">\n\t\t\t\t<h3 class=\"elementor-post__title\">\n\t\t\t<a href=\"https:\/\/powiatjanowski.pl\/neutralnosc-klimatyczna\/konferencja-informacyjno-edukacyjna-dbajmy-o-klimat-zamosc\/\" >\n\t\t\t\tKonferencja informacyjno \u2013 edukacyjna DbajMY o klimat \u2013 Zamo\u015b\u0107 \u2013 09-04-2025\t\t\t<\/a>\n\t\t<\/h3>\n\t\t\t\t<div class=\"elementor-post__excerpt\">\n\t\t\t<p>W dniu 09.04.2025 r. w godz. 10:00-13:00 w sali Consulatus w Ratuszu w Zamo\u015bciuDoradca klimatyczny z Powiatu Janowskiego uczestniczy\u0142 w<\/p>\n\t\t<\/div>\n\t\t\t\t<\/div>\n\t\t\t\t<\/article>\n\t\t\t\t<article class=\"elementor-post elementor-grid-item post-735 post type-post status-publish format-standard has-post-thumbnail hentry category-szkolenia-i-warsztaty entry has-media\">\n\t\t\t\t<a class=\"elementor-post__thumbnail__link\" href=\"https:\/\/powiatjanowski.pl\/neutralnosc-klimatyczna\/szkolenie-repowereu-dla-samorzadow-lokalnych-lublin\/\" tabindex=\"-1\" >\n\t\t\t<div class=\"elementor-post__thumbnail\"><img decoding=\"async\" width=\"768\" height=\"576\" src=\"https:\/\/powiatjanowski.pl\/neutralnosc-klimatyczna\/wp-content\/uploads\/2025\/06\/szkolenie-1-768x576.jpg\" class=\"attachment-medium_large size-medium_large wp-image-737\" alt=\"Wyg\u0142oszona prelekcja przez dr in\u017c. Nikola Poranek \u2013 wyk\u0142adowca Politechniki \u015al\u0105skiej w trakcie zorganizowanego szkolenia przez Instytut Innowacji i odpowiedzialnego Rozwoju w Sali konferencyjnej w Focus Hotel Premium w Lublinie w dniach 4 i 5 luty 2025.\" srcset=\"https:\/\/powiatjanowski.pl\/neutralnosc-klimatyczna\/wp-content\/uploads\/2025\/06\/szkolenie-1-768x576.jpg 768w, https:\/\/powiatjanowski.pl\/neutralnosc-klimatyczna\/wp-content\/uploads\/2025\/06\/szkolenie-1-300x225.jpg 300w, https:\/\/powiatjanowski.pl\/neutralnosc-klimatyczna\/wp-content\/uploads\/2025\/06\/szkolenie-1-1024x768.jpg 1024w, https:\/\/powiatjanowski.pl\/neutralnosc-klimatyczna\/wp-content\/uploads\/2025\/06\/szkolenie-1.jpg 1332w\" sizes=\"(max-width: 768px) 100vw, 768px\" \/><\/div>\n\t\t<\/a>\n\t\t\t\t<div class=\"elementor-post__text\">\n\t\t\t\t<h3 class=\"elementor-post__title\">\n\t\t\t<a href=\"https:\/\/powiatjanowski.pl\/neutralnosc-klimatyczna\/szkolenie-repowereu-dla-samorzadow-lokalnych-lublin\/\" >\n\t\t\t\tSzkolenie REPowerEU \u2013 dla Samorz\u0105d\u00f3w Lokalnych \u2013 Lublin\t\t\t<\/a>\n\t\t<\/h3>\n\t\t\t\t<div class=\"elementor-post__excerpt\">\n\t\t\t<p>W dniach 04.02.2025 w godz. 9:00-16:00 w Focus Hotel Premium w Lublinie w sali nr.4. \u2013 sala konferencyjna Doradca klimatyczny<\/p>\n\t\t<\/div>\n\t\t\t\t<\/div>\n\t\t\t\t<\/article>\n\t\t\t\t<article class=\"elementor-post elementor-grid-item post-726 post type-post status-publish format-standard has-post-thumbnail hentry category-szkolenia-i-warsztaty entry has-media\">\n\t\t\t\t<a class=\"elementor-post__thumbnail__link\" href=\"https:\/\/powiatjanowski.pl\/neutralnosc-klimatyczna\/szkolenie-leczna\/\" tabindex=\"-1\" >\n\t\t\t<div class=\"elementor-post__thumbnail\"><img decoding=\"async\" width=\"768\" height=\"512\" src=\"https:\/\/powiatjanowski.pl\/neutralnosc-klimatyczna\/wp-content\/uploads\/2025\/06\/szkolenie3-768x512.jpg\" class=\"attachment-medium_large size-medium_large wp-image-730\" alt=\"Wyg\u0142oszona prelekcja przez Ew\u0119 Arciszewsk\u0105 \u2013 Kierownik Dzia\u0142u Odbioru Odpad\u00f3w wraz z Patrykiem Pokrywk\u0105 \u2013 Kierownik Dzia\u0142u Utylizacji Odpad\u00f3w z Przedsi\u0119biorstwa Gospodarki Komunalnej i Mieszkaniowej w \u0141\u0119cznej SP. Z O.O. w trakcie zorganizowanego szkolenia przez Doradc\u00f3w ds. neutralno\u015bci klimatycznej w Sali Konferencyjnej Starostwa Powiatowego w \u0141\u0119cznej w dniu 12 grudnia 2024.\" srcset=\"https:\/\/powiatjanowski.pl\/neutralnosc-klimatyczna\/wp-content\/uploads\/2025\/06\/szkolenie3-768x512.jpg 768w, https:\/\/powiatjanowski.pl\/neutralnosc-klimatyczna\/wp-content\/uploads\/2025\/06\/szkolenie3-300x200.jpg 300w, https:\/\/powiatjanowski.pl\/neutralnosc-klimatyczna\/wp-content\/uploads\/2025\/06\/szkolenie3.jpg 980w\" sizes=\"(max-width: 768px) 100vw, 768px\" \/><\/div>\n\t\t<\/a>\n\t\t\t\t<div class=\"elementor-post__text\">\n\t\t\t\t<h3 class=\"elementor-post__title\">\n\t\t\t<a href=\"https:\/\/powiatjanowski.pl\/neutralnosc-klimatyczna\/szkolenie-leczna\/\" >\n\t\t\t\tSzkolenie \u0141\u0119czna &#8211; 12-12-2024\t\t\t<\/a>\n\t\t<\/h3>\n\t\t\t\t<div class=\"elementor-post__excerpt\">\n\t\t\t<p>W dniu 12 grudnia 2024 roku w Sali Konferencyjnej Starostwa Powiatowego w \u0141\u0119cznej Doradca klimatyczny z Powiatu Janowskiego uczestniczy\u0142 w<\/p>\n\t\t<\/div>\n\t\t\t\t<\/div>\n\t\t\t\t<\/article>\n\t\t\t\t<article class=\"elementor-post elementor-grid-item post-483 post type-post status-publish format-standard has-post-thumbnail hentry category-aktualnosci category-szkolenia-i-warsztaty entry has-media\">\n\t\t\t\t<a class=\"elementor-post__thumbnail__link\" href=\"https:\/\/powiatjanowski.pl\/neutralnosc-klimatyczna\/szkolenie-doradcow-klimatycznych-z-wojewodztwa-lubelskiego-lublin\/\" tabindex=\"-1\" >\n\t\t\t<div class=\"elementor-post__thumbnail\"><img loading=\"lazy\" decoding=\"async\" width=\"768\" height=\"500\" src=\"https:\/\/powiatjanowski.pl\/neutralnosc-klimatyczna\/wp-content\/uploads\/2025\/05\/Szkolenie-w-Lublinie-z-certyfikatami-768x500.jpeg\" class=\"attachment-medium_large size-medium_large wp-image-485\" alt=\"Wsp\u00f3lne zdj\u0119cie Doradc\u00f3w Klimatycznych z Wojew\u00f3dztwa Lubelskiego podczas szkolenia w Departamencie Wdra\u017cania Europejskiego Funduszu Rozwoju Regionalnego w Urz\u0119dzie Marsza\u0142kowskim Wojew\u00f3dztwa Lubelskiego w Lublinie w dniu 28 listopada 2024 podczas tworzenia w grupach mozaiki klimatycznej\" srcset=\"https:\/\/powiatjanowski.pl\/neutralnosc-klimatyczna\/wp-content\/uploads\/2025\/05\/Szkolenie-w-Lublinie-z-certyfikatami-768x500.jpeg 768w, https:\/\/powiatjanowski.pl\/neutralnosc-klimatyczna\/wp-content\/uploads\/2025\/05\/Szkolenie-w-Lublinie-z-certyfikatami-300x195.jpeg 300w, https:\/\/powiatjanowski.pl\/neutralnosc-klimatyczna\/wp-content\/uploads\/2025\/05\/Szkolenie-w-Lublinie-z-certyfikatami-1024x667.jpeg 1024w, https:\/\/powiatjanowski.pl\/neutralnosc-klimatyczna\/wp-content\/uploads\/2025\/05\/Szkolenie-w-Lublinie-z-certyfikatami-1536x1001.jpeg 1536w, https:\/\/powiatjanowski.pl\/neutralnosc-klimatyczna\/wp-content\/uploads\/2025\/05\/Szkolenie-w-Lublinie-z-certyfikatami.jpeg 1658w\" sizes=\"(max-width: 768px) 100vw, 768px\" \/><\/div>\n\t\t<\/a>\n\t\t\t\t<div class=\"elementor-post__text\">\n\t\t\t\t<h3 class=\"elementor-post__title\">\n\t\t\t<a href=\"https:\/\/powiatjanowski.pl\/neutralnosc-klimatyczna\/szkolenie-doradcow-klimatycznych-z-wojewodztwa-lubelskiego-lublin\/\" >\n\t\t\t\tSzkolenie Doradc\u00f3w Klimatycznych z Wojew\u00f3dztwa Lubelskiego \u2013 Lublin \u2013 28\u201329.11.2024\t\t\t<\/a>\n\t\t<\/h3>\n\t\t\t\t<div class=\"elementor-post__excerpt\">\n\t\t\t<p>W dniach 28-29.11.2024r. w godz. 8:00-16:00 w Departamencie Wdra\u017cania Europejskiego Funduszu Rozwoju Regionalnego w sali konferencyjnej w Urz\u0119dzie Marsza\u0142kowskim Wojew\u00f3dztwa<\/p>\n\t\t<\/div>\n\t\t\t\t<\/div>\n\t\t\t\t<\/article>\n\t\t\t\t<article class=\"elementor-post elementor-grid-item post-958 post type-post status-publish format-standard has-post-thumbnail hentry category-szkolenia-i-warsztaty entry has-media\">\n\t\t\t\t<a class=\"elementor-post__thumbnail__link\" href=\"https:\/\/powiatjanowski.pl\/neutralnosc-klimatyczna\/warsztaty-dla-spoldzielni-i-wspolnot-mieszkaniowych-krasnik\/\" tabindex=\"-1\" >\n\t\t\t<div class=\"elementor-post__thumbnail\"><img loading=\"lazy\" decoding=\"async\" width=\"768\" height=\"576\" src=\"https:\/\/powiatjanowski.pl\/neutralnosc-klimatyczna\/wp-content\/uploads\/2025\/06\/3-4-scaled-1-768x576.jpg\" class=\"attachment-medium_large size-medium_large wp-image-962\" alt=\"Wn\u0119trze Sali konferencyjnej Zespo\u0142u Szk\u00f3\u0142 N3 w Kra\u015bniku podczas warsztat\u00f3w zorganizowanych dla Sp\u00f3\u0142dzielni i Wsp\u00f3lnot Mieszkaniowych wraz z wy\u015bwietlan\u0105 prezentacj\u0105 prelegenta Kajetana Ko\u015bcika \u2013 Koordynator Zespo\u0142u Doradc\u00f3w Energetycznych, Wojew\u00f3dzki Fundusz Ochrony \u015arodowiska i Gospodarki Wodnej w Lublinie w dniu 22 listopada 2024\" srcset=\"https:\/\/powiatjanowski.pl\/neutralnosc-klimatyczna\/wp-content\/uploads\/2025\/06\/3-4-scaled-1-768x576.jpg 768w, https:\/\/powiatjanowski.pl\/neutralnosc-klimatyczna\/wp-content\/uploads\/2025\/06\/3-4-scaled-1-300x225.jpg 300w, https:\/\/powiatjanowski.pl\/neutralnosc-klimatyczna\/wp-content\/uploads\/2025\/06\/3-4-scaled-1-1024x768.jpg 1024w, https:\/\/powiatjanowski.pl\/neutralnosc-klimatyczna\/wp-content\/uploads\/2025\/06\/3-4-scaled-1-1536x1152.jpg 1536w, https:\/\/powiatjanowski.pl\/neutralnosc-klimatyczna\/wp-content\/uploads\/2025\/06\/3-4-scaled-1-2048x1536.jpg 2048w\" sizes=\"(max-width: 768px) 100vw, 768px\" \/><\/div>\n\t\t<\/a>\n\t\t\t\t<div class=\"elementor-post__text\">\n\t\t\t\t<h3 class=\"elementor-post__title\">\n\t\t\t<a href=\"https:\/\/powiatjanowski.pl\/neutralnosc-klimatyczna\/warsztaty-dla-spoldzielni-i-wspolnot-mieszkaniowych-krasnik\/\" >\n\t\t\t\tWarsztaty dla Sp\u00f3\u0142dzielni i Wsp\u00f3lnot Mieszkaniowych \u2013 Kra\u015bnik \u2013 22-11-2024\t\t\t<\/a>\n\t\t<\/h3>\n\t\t\t\t<div class=\"elementor-post__excerpt\">\n\t\t\t<p>W dniu 22 listopada 2024 roku w godz. 8:00-16:00 w Zespole Szk\u00f3\u0142 Nr 3 w Kra\u015bniku w sali konferencyjnej odby\u0142y<\/p>\n\t\t<\/div>\n\t\t\t\t<\/div>\n\t\t\t\t<\/article>\n\t\t\t\t<article class=\"elementor-post elementor-grid-item post-169 post type-post status-publish format-standard has-post-thumbnail hentry category-szkolenia-i-warsztaty entry has-media\">\n\t\t\t\t<a class=\"elementor-post__thumbnail__link\" href=\"https:\/\/powiatjanowski.pl\/neutralnosc-klimatyczna\/szkolenie-doradcy-klimatycznego-lubartow\/\" tabindex=\"-1\" >\n\t\t\t<div class=\"elementor-post__thumbnail\"><img loading=\"lazy\" decoding=\"async\" width=\"768\" height=\"576\" src=\"https:\/\/powiatjanowski.pl\/neutralnosc-klimatyczna\/wp-content\/uploads\/2025\/05\/szkolenie-Lubartow-4-2048x1536-1-768x576.jpg\" class=\"attachment-medium_large size-medium_large wp-image-171\" alt=\"Wn\u0119trze Sali Rycerskiej Starostwa Powiatowego w Lubartowie wraz z wy\u015bwietlan\u0105 prezentacj\u0105 w trakcie szkolenia dla Doradc\u00f3w klimatycznych prowadzonego przez Doradc\u00f3w Energetycznych z Wojew\u00f3dzkiego Funduszu Ochrony \u015arodowiska i Gospodarki Wodnej w Lublinie w dniu 28 pa\u017adziernik 2024\" srcset=\"https:\/\/powiatjanowski.pl\/neutralnosc-klimatyczna\/wp-content\/uploads\/2025\/05\/szkolenie-Lubartow-4-2048x1536-1-768x576.jpg 768w, https:\/\/powiatjanowski.pl\/neutralnosc-klimatyczna\/wp-content\/uploads\/2025\/05\/szkolenie-Lubartow-4-2048x1536-1-300x225.jpg 300w, https:\/\/powiatjanowski.pl\/neutralnosc-klimatyczna\/wp-content\/uploads\/2025\/05\/szkolenie-Lubartow-4-2048x1536-1-1024x768.jpg 1024w, https:\/\/powiatjanowski.pl\/neutralnosc-klimatyczna\/wp-content\/uploads\/2025\/05\/szkolenie-Lubartow-4-2048x1536-1-1536x1152.jpg 1536w, https:\/\/powiatjanowski.pl\/neutralnosc-klimatyczna\/wp-content\/uploads\/2025\/05\/szkolenie-Lubartow-4-2048x1536-1.jpg 2048w\" sizes=\"(max-width: 768px) 100vw, 768px\" \/><\/div>\n\t\t<\/a>\n\t\t\t\t<div class=\"elementor-post__text\">\n\t\t\t\t<h3 class=\"elementor-post__title\">\n\t\t\t<a href=\"https:\/\/powiatjanowski.pl\/neutralnosc-klimatyczna\/szkolenie-doradcy-klimatycznego-lubartow\/\" >\n\t\t\t\tSzkolenie doradcy klimatycznego \u2013 Lubart\u00f3w \u2013 28-10-2024\t\t\t<\/a>\n\t\t<\/h3>\n\t\t\t\t<div class=\"elementor-post__excerpt\">\n\t\t\t<p>W dniu 28 pa\u017adziernika 2024 roku w godz. 9:00-14:00 w Sali Rycerskiej Starostwa Powiatowego w Lubartowie Doradca klimatyczny z Powiatu<\/p>\n\t\t<\/div>\n\t\t\t\t<\/div>\n\t\t\t\t<\/article>\n\t\t\t\t<article class=\"elementor-post elementor-grid-item post-177 post type-post status-publish format-standard has-post-thumbnail hentry category-szkolenia-i-warsztaty entry has-media\">\n\t\t\t\t<a class=\"elementor-post__thumbnail__link\" href=\"https:\/\/powiatjanowski.pl\/neutralnosc-klimatyczna\/warsztaty-dla-pracownikow-jst-krasnik\/\" tabindex=\"-1\" >\n\t\t\t<div class=\"elementor-post__thumbnail\"><img loading=\"lazy\" decoding=\"async\" width=\"768\" height=\"768\" src=\"https:\/\/powiatjanowski.pl\/neutralnosc-klimatyczna\/wp-content\/uploads\/2025\/05\/warsztaty-krasnik-2-rotated-1-768x768.jpg\" class=\"attachment-medium_large size-medium_large wp-image-179\" alt=\"Wsp\u00f3lne zdj\u0119cie na zajmowanych stanowiskach przez pracownik\u00f3w JST wraz z Doradc\u0105 klimatycznym z Powiatu Janowskiego podczas warsztat\u00f3w w Sali konferencyjnej Zespo\u0142u Szk\u00f3\u0142 Nr 3 w Kra\u015bniku w oddali w dniu 4 pa\u017adziernik 2024\" srcset=\"https:\/\/powiatjanowski.pl\/neutralnosc-klimatyczna\/wp-content\/uploads\/2025\/05\/warsztaty-krasnik-2-rotated-1-768x768.jpg 768w, https:\/\/powiatjanowski.pl\/neutralnosc-klimatyczna\/wp-content\/uploads\/2025\/05\/warsztaty-krasnik-2-rotated-1-300x300.jpg 300w, https:\/\/powiatjanowski.pl\/neutralnosc-klimatyczna\/wp-content\/uploads\/2025\/05\/warsztaty-krasnik-2-rotated-1-150x150.jpg 150w, https:\/\/powiatjanowski.pl\/neutralnosc-klimatyczna\/wp-content\/uploads\/2025\/05\/warsztaty-krasnik-2-rotated-1-600x600.jpg 600w, https:\/\/powiatjanowski.pl\/neutralnosc-klimatyczna\/wp-content\/uploads\/2025\/05\/warsztaty-krasnik-2-rotated-1.jpg 799w\" sizes=\"(max-width: 768px) 100vw, 768px\" \/><\/div>\n\t\t<\/a>\n\t\t\t\t<div class=\"elementor-post__text\">\n\t\t\t\t<h3 class=\"elementor-post__title\">\n\t\t\t<a href=\"https:\/\/powiatjanowski.pl\/neutralnosc-klimatyczna\/warsztaty-dla-pracownikow-jst-krasnik\/\" >\n\t\t\t\tWarsztaty dla pracownik\u00f3w JST \u2013 Kra\u015bnik \u2013 04-10-2024\t\t\t<\/a>\n\t\t<\/h3>\n\t\t\t\t<div class=\"elementor-post__excerpt\">\n\t\t\t<p>W dniu 4 pa\u017adziernika w godz. 8:00-16:00 w Zespole Szk\u00f3\u0142 Nr 3 w Kra\u015bniku w sali konferencyjnej odby\u0142y si\u0119 warsztaty<\/p>\n\t\t<\/div>\n\t\t\t\t<\/div>\n\t\t\t\t<\/article>\n\t\t\t\t<article class=\"elementor-post elementor-grid-item post-140 post type-post status-publish format-standard has-post-thumbnail hentry category-aktualnosci category-szkolenia-i-warsztaty entry has-media\">\n\t\t\t\t<a class=\"elementor-post__thumbnail__link\" href=\"https:\/\/powiatjanowski.pl\/neutralnosc-klimatyczna\/szkolenie-doradcy-klimatycznego-zamosc\/\" tabindex=\"-1\" >\n\t\t\t<div class=\"elementor-post__thumbnail\"><img loading=\"lazy\" decoding=\"async\" width=\"768\" height=\"576\" src=\"https:\/\/powiatjanowski.pl\/neutralnosc-klimatyczna\/wp-content\/uploads\/2025\/05\/szkolenie-zamosc-1-768x576.jpg\" class=\"attachment-medium_large size-medium_large wp-image-151\" alt=\"Wsp\u00f3lne zdj\u0119cie Doradc\u00f3w klimatycznych z Wojew\u00f3dztwa Lubelskiego wraz z Doradcami Energetycznymi z Wojew\u00f3dzkiego Funduszu Ochrony \u015arodowiska i Gospodarki Wodnej w Lublinie na szkoleniu w Zamo\u015bciu w dniu 5 wrze\u015bnia 2024\" srcset=\"https:\/\/powiatjanowski.pl\/neutralnosc-klimatyczna\/wp-content\/uploads\/2025\/05\/szkolenie-zamosc-1-768x576.jpg 768w, https:\/\/powiatjanowski.pl\/neutralnosc-klimatyczna\/wp-content\/uploads\/2025\/05\/szkolenie-zamosc-1-300x225.jpg 300w, https:\/\/powiatjanowski.pl\/neutralnosc-klimatyczna\/wp-content\/uploads\/2025\/05\/szkolenie-zamosc-1-1024x768.jpg 1024w, https:\/\/powiatjanowski.pl\/neutralnosc-klimatyczna\/wp-content\/uploads\/2025\/05\/szkolenie-zamosc-1-1536x1152.jpg 1536w, https:\/\/powiatjanowski.pl\/neutralnosc-klimatyczna\/wp-content\/uploads\/2025\/05\/szkolenie-zamosc-1.jpg 2048w\" sizes=\"(max-width: 768px) 100vw, 768px\" \/><\/div>\n\t\t<\/a>\n\t\t\t\t<div class=\"elementor-post__text\">\n\t\t\t\t<h3 class=\"elementor-post__title\">\n\t\t\t<a href=\"https:\/\/powiatjanowski.pl\/neutralnosc-klimatyczna\/szkolenie-doradcy-klimatycznego-zamosc\/\" >\n\t\t\t\tSzkolenie Doradcy Klimatycznego \u2013 Zamo\u015b\u0107 \u2013 05-09-2024\t\t\t<\/a>\n\t\t<\/h3>\n\t\t\t\t<div class=\"elementor-post__excerpt\">\n\t\t\t<p>W dniu 5 wrze\u015bnia 2024 roku w godz. 9:00-14:00 w Zamojskiej Akademii Kultury&nbsp;Doradca klimatyczny z Powiatu Janowskiego wzi\u0105\u0142 udzia\u0142 w&nbsp;szkoleniu<\/p>\n\t\t<\/div>\n\t\t\t\t<\/div>\n\t\t\t\t<\/article>\n\t\t\t\t<\/div>\n\t\t\n\t\t\t\t\t\t<\/div>\n\t\t\t\t<\/div>\n\t\t\t\t\t<\/div>\n\t\t\t\t<\/div>\n\t\t\t\t<\/div>\n\t\t","protected":false},"excerpt":{"rendered":"<p>Szkolenia i warsztaty<\/p>\n","protected":false},"author":1,"featured_media":0,"parent":0,"menu_order":0,"comment_status":"closed","ping_status":"closed","template":"","meta":{"ocean_post_layout":"full-screen","ocean_both_sidebars_style":"","ocean_both_sidebars_content_width":0,"ocean_both_sidebars_sidebars_width":0,"ocean_sidebar":"","ocean_second_sidebar":"","ocean_disable_margins":"enable","ocean_add_body_class":"","ocean_shortcode_before_top_bar":"","ocean_shortcode_after_top_bar":"","ocean_shortcode_before_header":"","ocean_shortcode_after_header":"","ocean_has_shortcode":"","ocean_shortcode_after_title":"","ocean_shortcode_before_footer_widgets":"","ocean_shortcode_after_footer_widgets":"","ocean_shortcode_before_footer_bottom":"","ocean_shortcode_after_footer_bottom":"","ocean_display_top_bar":"default","ocean_display_header":"default","ocean_header_style":"","ocean_center_header_left_menu":"","ocean_custom_header_template":"","ocean_custom_logo":0,"ocean_custom_retina_logo":0,"ocean_custom_logo_max_width":0,"ocean_custom_logo_tablet_max_width":0,"ocean_custom_logo_mobile_max_width":0,"ocean_custom_logo_max_height":0,"ocean_custom_logo_tablet_max_height":0,"ocean_custom_logo_mobile_max_height":0,"ocean_header_custom_menu":"","ocean_menu_typo_font_family":"","ocean_menu_typo_font_subset":"","ocean_menu_typo_font_size":0,"ocean_menu_typo_font_size_tablet":0,"ocean_menu_typo_font_size_mobile":0,"ocean_menu_typo_font_size_unit":"px","ocean_menu_typo_font_weight":"","ocean_menu_typo_font_weight_tablet":"","ocean_menu_typo_font_weight_mobile":"","ocean_menu_typo_transform":"","ocean_menu_typo_transform_tablet":"","ocean_menu_typo_transform_mobile":"","ocean_menu_typo_line_height":0,"ocean_menu_typo_line_height_tablet":0,"ocean_menu_typo_line_height_mobile":0,"ocean_menu_typo_line_height_unit":"","ocean_menu_typo_spacing":0,"ocean_menu_typo_spacing_tablet":0,"ocean_menu_typo_spacing_mobile":0,"ocean_menu_typo_spacing_unit":"","ocean_menu_link_color":"","ocean_menu_link_color_hover":"","ocean_menu_link_color_active":"","ocean_menu_link_background":"","ocean_menu_link_hover_background":"","ocean_menu_link_active_background":"","ocean_menu_social_links_bg":"","ocean_menu_social_hover_links_bg":"","ocean_menu_social_links_color":"","ocean_menu_social_hover_links_color":"","ocean_disable_title":"on","ocean_disable_heading":"default","ocean_post_title":"","ocean_post_subheading":"","ocean_post_title_style":"","ocean_post_title_background_color":"","ocean_post_title_background":0,"ocean_post_title_bg_image_position":"","ocean_post_title_bg_image_attachment":"","ocean_post_title_bg_image_repeat":"","ocean_post_title_bg_image_size":"","ocean_post_title_height":0,"ocean_post_title_bg_overlay":0.5,"ocean_post_title_bg_overlay_color":"","ocean_disable_breadcrumbs":"default","ocean_breadcrumbs_color":"","ocean_breadcrumbs_separator_color":"","ocean_breadcrumbs_links_color":"","ocean_breadcrumbs_links_hover_color":"","ocean_display_footer_widgets":"default","ocean_display_footer_bottom":"default","ocean_custom_footer_template":"","footnotes":""},"class_list":["post-724","page","type-page","status-publish","hentry","entry","has-media"],"_links":{"self":[{"href":"https:\/\/powiatjanowski.pl\/neutralnosc-klimatyczna\/wp-json\/wp\/v2\/pages\/724","targetHints":{"allow":["GET"]}}],"collection":[{"href":"https:\/\/powiatjanowski.pl\/neutralnosc-klimatyczna\/wp-json\/wp\/v2\/pages"}],"about":[{"href":"https:\/\/powiatjanowski.pl\/neutralnosc-klimatyczna\/wp-json\/wp\/v2\/types\/page"}],"author":[{"embeddable":true,"href":"https:\/\/powiatjanowski.pl\/neutralnosc-klimatyczna\/wp-json\/wp\/v2\/users\/1"}],"replies":[{"embeddable":true,"href":"https:\/\/powiatjanowski.pl\/neutralnosc-klimatyczna\/wp-json\/wp\/v2\/comments?post=724"}],"version-history":[{"count":16,"href":"https:\/\/powiatjanowski.pl\/neutralnosc-klimatyczna\/wp-json\/wp\/v2\/pages\/724\/revisions"}],"predecessor-version":[{"id":1351,"href":"https:\/\/powiatjanowski.pl\/neutralnosc-klimatyczna\/wp-json\/wp\/v2\/pages\/724\/revisions\/1351"}],"wp:attachment":[{"href":"https:\/\/powiatjanowski.pl\/neutralnosc-klimatyczna\/wp-json\/wp\/v2\/media?parent=724"}],"curies":[{"name":"wp","href":"https:\/\/api.w.org\/{rel}","templated":true}]}}